{"id":6124,"date":"2025-03-14T15:08:10","date_gmt":"2025-03-14T15:08:10","guid":{"rendered":"https:\/\/thucphamminhlong.com\/?post_type=product&#038;p=6124"},"modified":"2025-03-14T15:33:41","modified_gmt":"2025-03-14T15:33:41","slug":"xuc-xich-cumberland","status":"publish","type":"product","link":"https:\/\/thucphamminhlong.com\/?product=xuc-xich-cumberland","title":{"rendered":"X\u00daC X\u00cdCH CUMBERLAND"},"content":{"rendered":"<p>X\u00daC X\u00cdCH CUMBERLAND<\/p>\n","protected":false},"excerpt":{"rendered":"<p>X\u00daC X\u00cdCH CUMBERLAND<\/p>\n","protected":false},"featured_media":6125,"template":"","meta":[],"product_brand":[],"product_cat":[66],"product_tag":[],"class_list":{"0":"post-6124","1":"product","2":"type-product","3":"status-publish","4":"has-post-thumbnail","6":"product_cat-xuc-xich","8":"first","9":"instock","10":"shipping-taxable","11":"product-type-simple"},"_links":{"self":[{"href":"https:\/\/thucphamminhlong.com\/index.php?rest_route=\/wp\/v2\/product\/6124","targetHints":{"allow":["GET"]}}],"collection":[{"href":"https:\/\/thucphamminhlong.com\/index.php?rest_route=\/wp\/v2\/product"}],"about":[{"href":"https:\/\/thucphamminhlong.com\/index.php?rest_route=\/wp\/v2\/types\/product"}],"wp:featuredmedia":[{"embeddable":true,"href":"https:\/\/thucphamminhlong.com\/index.php?rest_route=\/wp\/v2\/media\/6125"}],"wp:attachment":[{"href":"https:\/\/thucphamminhlong.com\/index.php?rest_route=%2Fwp%2Fv2%2Fmedia&parent=6124"}],"wp:term":[{"taxonomy":"product_brand","embeddable":true,"href":"https:\/\/thucphamminhlong.com\/index.php?rest_route=%2Fwp%2Fv2%2Fproduct_brand&post=6124"},{"taxonomy":"product_cat","embeddable":true,"href":"https:\/\/thucphamminhlong.com\/index.php?rest_route=%2Fwp%2Fv2%2Fproduct_cat&post=6124"},{"taxonomy":"product_tag","embeddable":true,"href":"https:\/\/thucphamminhlong.com\/index.php?rest_route=%2Fwp%2Fv2%2Fproduct_tag&post=6124"}],"curies":[{"name":"wp","href":"https:\/\/api.w.org\/{rel}","templated":true}]}}