{"id":6126,"date":"2025-03-14T15:09:33","date_gmt":"2025-03-14T15:09:33","guid":{"rendered":"https:\/\/thucphamminhlong.com\/?post_type=product&#038;p=6126"},"modified":"2025-03-14T15:33:37","modified_gmt":"2025-03-14T15:33:37","slug":"xuc-xich-frankfuter","status":"publish","type":"product","link":"https:\/\/thucphamminhlong.com\/?product=xuc-xich-frankfuter","title":{"rendered":"X\u00daC X\u00cdCH FRANKFUTER"},"content":{"rendered":"<p>X\u00daC X\u00cdCH FRANKFUTER<\/p>\n","protected":false},"excerpt":{"rendered":"<p>X\u00daC X\u00cdCH FRANKFUTER<\/p>\n","protected":false},"featured_media":6127,"template":"","meta":[],"product_brand":[],"product_cat":[66],"product_tag":[],"class_list":{"0":"post-6126","1":"product","2":"type-product","3":"status-publish","4":"has-post-thumbnail","6":"product_cat-xuc-xich","8":"first","9":"instock","10":"shipping-taxable","11":"product-type-simple"},"_links":{"self":[{"href":"https:\/\/thucphamminhlong.com\/index.php?rest_route=\/wp\/v2\/product\/6126","targetHints":{"allow":["GET"]}}],"collection":[{"href":"https:\/\/thucphamminhlong.com\/index.php?rest_route=\/wp\/v2\/product"}],"about":[{"href":"https:\/\/thucphamminhlong.com\/index.php?rest_route=\/wp\/v2\/types\/product"}],"wp:featuredmedia":[{"embeddable":true,"href":"https:\/\/thucphamminhlong.com\/index.php?rest_route=\/wp\/v2\/media\/6127"}],"wp:attachment":[{"href":"https:\/\/thucphamminhlong.com\/index.php?rest_route=%2Fwp%2Fv2%2Fmedia&parent=6126"}],"wp:term":[{"taxonomy":"product_brand","embeddable":true,"href":"https:\/\/thucphamminhlong.com\/index.php?rest_route=%2Fwp%2Fv2%2Fproduct_brand&post=6126"},{"taxonomy":"product_cat","embeddable":true,"href":"https:\/\/thucphamminhlong.com\/index.php?rest_route=%2Fwp%2Fv2%2Fproduct_cat&post=6126"},{"taxonomy":"product_tag","embeddable":true,"href":"https:\/\/thucphamminhlong.com\/index.php?rest_route=%2Fwp%2Fv2%2Fproduct_tag&post=6126"}],"curies":[{"name":"wp","href":"https:\/\/api.w.org\/{rel}","templated":true}]}}