{"id":6147,"date":"2025-03-14T15:19:03","date_gmt":"2025-03-14T15:19:03","guid":{"rendered":"https:\/\/thucphamminhlong.com\/?post_type=product&#038;p=6147"},"modified":"2025-03-14T15:19:03","modified_gmt":"2025-03-14T15:19:03","slug":"dui-ga-ran","status":"publish","type":"product","link":"https:\/\/thucphamminhlong.com\/?product=dui-ga-ran","title":{"rendered":"\u0110\u00d9I G\u00c0 R\u00c1N"},"content":{"rendered":"<p>\u0110\u00d9I G\u00c0 R\u00c1N<\/p>\n","protected":false},"excerpt":{"rendered":"<p>\u0110\u00d9I G\u00c0 R\u00c1N<\/p>\n","protected":false},"featured_media":6148,"template":"","meta":[],"product_brand":[],"product_cat":[67],"product_tag":[],"class_list":{"0":"post-6147","1":"product","2":"type-product","3":"status-publish","4":"has-post-thumbnail","6":"product_cat-dui-ga","8":"first","9":"instock","10":"shipping-taxable","11":"product-type-simple"},"_links":{"self":[{"href":"https:\/\/thucphamminhlong.com\/index.php?rest_route=\/wp\/v2\/product\/6147","targetHints":{"allow":["GET"]}}],"collection":[{"href":"https:\/\/thucphamminhlong.com\/index.php?rest_route=\/wp\/v2\/product"}],"about":[{"href":"https:\/\/thucphamminhlong.com\/index.php?rest_route=\/wp\/v2\/types\/product"}],"wp:featuredmedia":[{"embeddable":true,"href":"https:\/\/thucphamminhlong.com\/index.php?rest_route=\/wp\/v2\/media\/6148"}],"wp:attachment":[{"href":"https:\/\/thucphamminhlong.com\/index.php?rest_route=%2Fwp%2Fv2%2Fmedia&parent=6147"}],"wp:term":[{"taxonomy":"product_brand","embeddable":true,"href":"https:\/\/thucphamminhlong.com\/index.php?rest_route=%2Fwp%2Fv2%2Fproduct_brand&post=6147"},{"taxonomy":"product_cat","embeddable":true,"href":"https:\/\/thucphamminhlong.com\/index.php?rest_route=%2Fwp%2Fv2%2Fproduct_cat&post=6147"},{"taxonomy":"product_tag","embeddable":true,"href":"https:\/\/thucphamminhlong.com\/index.php?rest_route=%2Fwp%2Fv2%2Fproduct_tag&post=6147"}],"curies":[{"name":"wp","href":"https:\/\/api.w.org\/{rel}","templated":true}]}}