{"id":6157,"date":"2025-03-14T15:26:40","date_gmt":"2025-03-14T15:26:40","guid":{"rendered":"https:\/\/thucphamminhlong.com\/?post_type=product&#038;p=6157"},"modified":"2025-03-14T15:26:41","modified_gmt":"2025-03-14T15:26:41","slug":"pho-mai-vien","status":"publish","type":"product","link":"https:\/\/thucphamminhlong.com\/?product=pho-mai-vien","title":{"rendered":"PH\u00d4 MAI VI\u00caN"},"content":{"rendered":"<p>PH\u00d4 MAI VI\u00caN<\/p>\n","protected":false},"excerpt":{"rendered":"<p>PH\u00d4 MAI VI\u00caN<\/p>\n","protected":false},"featured_media":6158,"template":"","meta":[],"product_brand":[],"product_cat":[68,65],"product_tag":[],"class_list":{"0":"post-6157","1":"product","2":"type-product","3":"status-publish","4":"has-post-thumbnail","6":"product_cat-pho-mai","7":"product_cat-vien","9":"first","10":"instock","11":"shipping-taxable","12":"product-type-simple"},"_links":{"self":[{"href":"https:\/\/thucphamminhlong.com\/index.php?rest_route=\/wp\/v2\/product\/6157","targetHints":{"allow":["GET"]}}],"collection":[{"href":"https:\/\/thucphamminhlong.com\/index.php?rest_route=\/wp\/v2\/product"}],"about":[{"href":"https:\/\/thucphamminhlong.com\/index.php?rest_route=\/wp\/v2\/types\/product"}],"wp:featuredmedia":[{"embeddable":true,"href":"https:\/\/thucphamminhlong.com\/index.php?rest_route=\/wp\/v2\/media\/6158"}],"wp:attachment":[{"href":"https:\/\/thucphamminhlong.com\/index.php?rest_route=%2Fwp%2Fv2%2Fmedia&parent=6157"}],"wp:term":[{"taxonomy":"product_brand","embeddable":true,"href":"https:\/\/thucphamminhlong.com\/index.php?rest_route=%2Fwp%2Fv2%2Fproduct_brand&post=6157"},{"taxonomy":"product_cat","embeddable":true,"href":"https:\/\/thucphamminhlong.com\/index.php?rest_route=%2Fwp%2Fv2%2Fproduct_cat&post=6157"},{"taxonomy":"product_tag","embeddable":true,"href":"https:\/\/thucphamminhlong.com\/index.php?rest_route=%2Fwp%2Fv2%2Fproduct_tag&post=6157"}],"curies":[{"name":"wp","href":"https:\/\/api.w.org\/{rel}","templated":true}]}}