{"id":6159,"date":"2025-03-14T15:27:28","date_gmt":"2025-03-14T15:27:28","guid":{"rendered":"https:\/\/thucphamminhlong.com\/?post_type=product&#038;p=6159"},"modified":"2025-03-14T15:27:28","modified_gmt":"2025-03-14T15:27:28","slug":"xuc-xich-pho-mai","status":"publish","type":"product","link":"https:\/\/thucphamminhlong.com\/?product=xuc-xich-pho-mai","title":{"rendered":"X\u00daC X\u00cdCH PH\u00d4 MAI"},"content":{"rendered":"<p>X\u00daC X\u00cdCH PH\u00d4 MAI<\/p>\n","protected":false},"excerpt":{"rendered":"<p>X\u00daC X\u00cdCH PH\u00d4 MAI<\/p>\n","protected":false},"featured_media":6160,"template":"","meta":[],"product_brand":[],"product_cat":[68,66],"product_tag":[],"class_list":{"0":"post-6159","1":"product","2":"type-product","3":"status-publish","4":"has-post-thumbnail","6":"product_cat-pho-mai","7":"product_cat-xuc-xich","9":"first","10":"instock","11":"shipping-taxable","12":"product-type-simple"},"_links":{"self":[{"href":"https:\/\/thucphamminhlong.com\/index.php?rest_route=\/wp\/v2\/product\/6159","targetHints":{"allow":["GET"]}}],"collection":[{"href":"https:\/\/thucphamminhlong.com\/index.php?rest_route=\/wp\/v2\/product"}],"about":[{"href":"https:\/\/thucphamminhlong.com\/index.php?rest_route=\/wp\/v2\/types\/product"}],"wp:featuredmedia":[{"embeddable":true,"href":"https:\/\/thucphamminhlong.com\/index.php?rest_route=\/wp\/v2\/media\/6160"}],"wp:attachment":[{"href":"https:\/\/thucphamminhlong.com\/index.php?rest_route=%2Fwp%2Fv2%2Fmedia&parent=6159"}],"wp:term":[{"taxonomy":"product_brand","embeddable":true,"href":"https:\/\/thucphamminhlong.com\/index.php?rest_route=%2Fwp%2Fv2%2Fproduct_brand&post=6159"},{"taxonomy":"product_cat","embeddable":true,"href":"https:\/\/thucphamminhlong.com\/index.php?rest_route=%2Fwp%2Fv2%2Fproduct_cat&post=6159"},{"taxonomy":"product_tag","embeddable":true,"href":"https:\/\/thucphamminhlong.com\/index.php?rest_route=%2Fwp%2Fv2%2Fproduct_tag&post=6159"}],"curies":[{"name":"wp","href":"https:\/\/api.w.org\/{rel}","templated":true}]}}